{"id":5,"date":"2012-07-12T21:57:00","date_gmt":"2012-07-12T19:57:00","guid":{"rendered":"https:\/\/gubelmann-zimmerei.ch\/?page_id=5"},"modified":"2021-03-23T10:41:31","modified_gmt":"2021-03-23T09:41:31","slug":"zimmerei","status":"publish","type":"page","link":"https:\/\/www.gubelmann-zimmerei.ch\/?page_id=5","title":{"rendered":"Zimmerei \/ Holzbau"},"content":{"rendered":"<p style=\"text-align: left;\">Wir f\u00fchren f\u00fcr Sie, fachgerecht und nachhaltig, s\u00e4mtliche Holzkonstruktionen f\u00fcr Neu- und Umbauten durch.<\/p>\n<ul>\n<li>Arbeiten an und auf D\u00e4chern, Unterdach, Dacheindeckung, Dachaufbauten<\/li>\n<li>Innenausbau, Restaurierung, Sanierung<\/li>\n<li>T\u00fcren innen und aussen<\/li>\n<li>Leichtbauw\u00e4nde, Trockenbau<\/li>\n<li>Terrassen<\/li>\n<li>K\u00fcchen<\/li>\n<li>Massivholzm\u00f6bel<\/li>\n<\/ul>\n<p><a href=\"https:\/\/gubelmann-zimmerei.ch\/wp-content\/uploads\/2012\/07\/DSC000082.jpg\"><img loading=\"lazy\" class=\"alignnone size-thumbnail wp-image-97\" title=\"DSC00008\" src=\"https:\/\/gubelmann-zimmerei.ch\/wp-content\/uploads\/2012\/07\/DSC000082-150x150.jpg\" alt=\"\" width=\"150\" height=\"150\"><\/a>&nbsp; &nbsp; &nbsp; &nbsp;<a href=\"https:\/\/gubelmann-zimmerei.ch\/wp-content\/uploads\/2012\/07\/DSC000161.jpg\"><img loading=\"lazy\" class=\"alignnone size-thumbnail wp-image-98\" title=\"DSC00016\" src=\"https:\/\/gubelmann-zimmerei.ch\/wp-content\/uploads\/2012\/07\/DSC000161-150x150.jpg\" alt=\"\" width=\"150\" height=\"150\"><\/a>&nbsp; &nbsp;&nbsp;<a href=\"https:\/\/gubelmann-zimmerei.ch\/wp-content\/uploads\/2012\/07\/DSC000201.jpg\"><img loading=\"lazy\" class=\"alignnone size-thumbnail wp-image-99\" title=\"DSC00020\" src=\"https:\/\/gubelmann-zimmerei.ch\/wp-content\/uploads\/2012\/07\/DSC000201-150x150.jpg\" alt=\"\" width=\"150\" height=\"150\"><\/a><\/p>\n<p>&nbsp;<\/p>\n<p>&nbsp;<\/p>\n<p>&nbsp;<\/p>\n<p>&nbsp;<\/p>\n<p>&nbsp;<\/p>\n","protected":false},"excerpt":{"rendered":"<p>Wir f\u00fchren f\u00fcr Sie, fachgerecht und nachhaltig, s\u00e4mtliche Holzkonstruktionen f\u00fcr Neu- und Umbauten durch. Arbeiten an und auf D\u00e4chern, Unterdach, Dacheindeckung, Dachaufbauten Innenausbau, Restaurierung, Sanierung T\u00fcren innen und aussen Leichtbauw\u00e4nde, Trockenbau Terrassen K\u00fcchen Massivholzm\u00f6bel &nbsp; &nbsp; &nbsp; &nbsp;&nbsp; &nbsp;&nbsp; &nbsp; &hellip; <a href=\"https:\/\/www.gubelmann-zimmerei.ch\/?page_id=5\">Weiterlesen <span class=\"meta-nav\">&rarr;<\/span><\/a><\/p>\n","protected":false},"author":4,"featured_media":0,"parent":0,"menu_order":0,"comment_status":"closed","ping_status":"closed","template":"sidebar-page.php","meta":[],"_links":{"self":[{"href":"https:\/\/www.gubelmann-zimmerei.ch\/index.php?rest_route=\/wp\/v2\/pages\/5"}],"collection":[{"href":"https:\/\/www.gubelmann-zimmerei.ch\/index.php?rest_route=\/wp\/v2\/pages"}],"about":[{"href":"https:\/\/www.gubelmann-zimmerei.ch\/index.php?rest_route=\/wp\/v2\/types\/page"}],"author":[{"embeddable":true,"href":"https:\/\/www.gubelmann-zimmerei.ch\/index.php?rest_route=\/wp\/v2\/users\/4"}],"replies":[{"embeddable":true,"href":"https:\/\/www.gubelmann-zimmerei.ch\/index.php?rest_route=%2Fwp%2Fv2%2Fcomments&post=5"}],"version-history":[{"count":2,"href":"https:\/\/www.gubelmann-zimmerei.ch\/index.php?rest_route=\/wp\/v2\/pages\/5\/revisions"}],"predecessor-version":[{"id":133,"href":"https:\/\/www.gubelmann-zimmerei.ch\/index.php?rest_route=\/wp\/v2\/pages\/5\/revisions\/133"}],"wp:attachment":[{"href":"https:\/\/www.gubelmann-zimmerei.ch\/index.php?rest_route=%2Fwp%2Fv2%2Fmedia&parent=5"}],"curies":[{"name":"wp","href":"https:\/\/api.w.org\/{rel}","templated":true}]}}